{"id":2396,"date":"2025-12-01T20:30:08","date_gmt":"2025-12-02T01:30:08","guid":{"rendered":"https:\/\/belgaufre.bleuoutremer.qc.ca\/qui-sommes-nous-2\/"},"modified":"2025-12-18T21:03:38","modified_gmt":"2025-12-19T02:03:38","slug":"qui-sommes-nous-2","status":"publish","type":"page","link":"https:\/\/belgaufre.bleuoutremer.qc.ca\/en\/qui-sommes-nous-2\/","title":{"rendered":"Qui sommes nous-v2-Eng"},"content":{"rendered":"","protected":false},"excerpt":{"rendered":"","protected":false},"author":1,"featured_media":0,"parent":0,"menu_order":0,"comment_status":"closed","ping_status":"closed","template":"","meta":{"_acf_changed":false,"footnotes":""},"class_list":["post-2396","page","type-page","status-publish","hentry"],"acf":[],"yoast_head":"\nQui sommes nous-v2-Eng - Bel-Gaufre<\/title>\n<meta name=\"description\" content=\"Bel gaufre existe depuis 1978 et est situ\u00e9 \u00e0 Qu\u00e9bec. Bel gaufre est la premi\u00e8re entreprise \u00e0 avoir fabriqu\u00e9 et vendu des gaufres belges au Canada.\" \/>\n<meta name=\"robots\" content=\"noindex, follow, max-snippet:-1, max-image-preview:large, max-video-preview:-1\" \/>\n<meta property=\"og:locale\" content=\"en_US\" \/>\n<meta property=\"og:type\" content=\"article\" \/>\n<meta property=\"og:title\" content=\"Qui sommes nous-v2-Eng - Bel-Gaufre\" \/>\n<meta property=\"og:description\" content=\"Bel gaufre existe depuis 1978 et est situ\u00e9 \u00e0 Qu\u00e9bec. Bel gaufre est la premi\u00e8re entreprise \u00e0 avoir fabriqu\u00e9 et vendu des gaufres belges au Canada.\" \/>\n<meta property=\"og:url\" content=\"https:\/\/bel-gaufre.com\/en\/qui-sommes-nous-2\/\" \/>\n<meta property=\"og:site_name\" content=\"Bel-Gaufre\" \/>\n<meta property=\"article:publisher\" content=\"https:\/\/www.facebook.com\/belgaufre\/\" \/>\n<meta property=\"article:modified_time\" content=\"2025-12-19T02:03:38+00:00\" \/>\n<meta property=\"og:image\" content=\"https:\/\/belgaufre.bleuoutremer.qc.ca\/wp-content\/uploads\/2019\/04\/Bel-gaufre-MS.jpg\" \/>\n\t<meta property=\"og:image:width\" content=\"1683\" \/>\n\t<meta property=\"og:image:height\" content=\"821\" \/>\n\t<meta property=\"og:image:type\" content=\"image\/jpeg\" \/>\n<meta name=\"twitter:card\" content=\"summary_large_image\" \/>\n<script type=\"application\/ld+json\" class=\"yoast-schema-graph\">{\"@context\":\"https:\\\/\\\/schema.org\",\"@graph\":[{\"@type\":\"WebPage\",\"@id\":\"https:\\\/\\\/bel-gaufre.com\\\/en\\\/qui-sommes-nous-2\\\/\",\"url\":\"https:\\\/\\\/bel-gaufre.com\\\/en\\\/qui-sommes-nous-2\\\/\",\"name\":\"Qui sommes nous-v2-Eng - Bel-Gaufre\",\"isPartOf\":{\"@id\":\"https:\\\/\\\/belgaufre.bleuoutremer.qc.ca\\\/#website\"},\"datePublished\":\"2025-12-02T01:30:08+00:00\",\"dateModified\":\"2025-12-19T02:03:38+00:00\",\"description\":\"Bel gaufre existe depuis 1978 et est situ\u00e9 \u00e0 Qu\u00e9bec. Bel gaufre est la premi\u00e8re entreprise \u00e0 avoir fabriqu\u00e9 et vendu des gaufres belges au Canada.\",\"breadcrumb\":{\"@id\":\"https:\\\/\\\/bel-gaufre.com\\\/en\\\/qui-sommes-nous-2\\\/#breadcrumb\"},\"inLanguage\":\"en-US\",\"potentialAction\":[{\"@type\":\"ReadAction\",\"target\":[\"https:\\\/\\\/bel-gaufre.com\\\/en\\\/qui-sommes-nous-2\\\/\"]}]},{\"@type\":\"BreadcrumbList\",\"@id\":\"https:\\\/\\\/bel-gaufre.com\\\/en\\\/qui-sommes-nous-2\\\/#breadcrumb\",\"itemListElement\":[{\"@type\":\"ListItem\",\"position\":1,\"name\":\"Accueil\",\"item\":\"https:\\\/\\\/belgaufre.bleuoutremer.qc.ca\\\/en\\\/accueil\\\/\"},{\"@type\":\"ListItem\",\"position\":2,\"name\":\"Qui sommes nous-v2-Eng\"}]},{\"@type\":\"WebSite\",\"@id\":\"https:\\\/\\\/belgaufre.bleuoutremer.qc.ca\\\/#website\",\"url\":\"https:\\\/\\\/belgaufre.bleuoutremer.qc.ca\\\/\",\"name\":\"Bel-Gaufre\",\"description\":\"Bel gaufre le choix num\u00e9ro 1 des amateurs de gaufres\",\"potentialAction\":[{\"@type\":\"SearchAction\",\"target\":{\"@type\":\"EntryPoint\",\"urlTemplate\":\"https:\\\/\\\/belgaufre.bleuoutremer.qc.ca\\\/?s={search_term_string}\"},\"query-input\":{\"@type\":\"PropertyValueSpecification\",\"valueRequired\":true,\"valueName\":\"search_term_string\"}}],\"inLanguage\":\"en-US\"}]}<\/script>\n<!-- \/ Yoast SEO plugin. -->","yoast_head_json":{"title":"Qui sommes nous-v2-Eng - Bel-Gaufre","description":"Bel gaufre existe depuis 1978 et est situ\u00e9 \u00e0 Qu\u00e9bec. Bel gaufre est la premi\u00e8re entreprise \u00e0 avoir fabriqu\u00e9 et vendu des gaufres belges au Canada.","robots":{"index":"noindex","follow":"follow","max-snippet":"max-snippet:-1","max-image-preview":"max-image-preview:large","max-video-preview":"max-video-preview:-1"},"og_locale":"en_US","og_type":"article","og_title":"Qui sommes nous-v2-Eng - Bel-Gaufre","og_description":"Bel gaufre existe depuis 1978 et est situ\u00e9 \u00e0 Qu\u00e9bec. Bel gaufre est la premi\u00e8re entreprise \u00e0 avoir fabriqu\u00e9 et vendu des gaufres belges au Canada.","og_url":"https:\/\/bel-gaufre.com\/en\/qui-sommes-nous-2\/","og_site_name":"Bel-Gaufre","article_publisher":"https:\/\/www.facebook.com\/belgaufre\/","article_modified_time":"2025-12-19T02:03:38+00:00","og_image":[{"width":1683,"height":821,"url":"https:\/\/belgaufre.bleuoutremer.qc.ca\/wp-content\/uploads\/2019\/04\/Bel-gaufre-MS.jpg","type":"image\/jpeg"}],"twitter_card":"summary_large_image","schema":{"@context":"https:\/\/schema.org","@graph":[{"@type":"WebPage","@id":"https:\/\/bel-gaufre.com\/en\/qui-sommes-nous-2\/","url":"https:\/\/bel-gaufre.com\/en\/qui-sommes-nous-2\/","name":"Qui sommes nous-v2-Eng - Bel-Gaufre","isPartOf":{"@id":"https:\/\/belgaufre.bleuoutremer.qc.ca\/#website"},"datePublished":"2025-12-02T01:30:08+00:00","dateModified":"2025-12-19T02:03:38+00:00","description":"Bel gaufre existe depuis 1978 et est situ\u00e9 \u00e0 Qu\u00e9bec. Bel gaufre est la premi\u00e8re entreprise \u00e0 avoir fabriqu\u00e9 et vendu des gaufres belges au Canada.","breadcrumb":{"@id":"https:\/\/bel-gaufre.com\/en\/qui-sommes-nous-2\/#breadcrumb"},"inLanguage":"en-US","potentialAction":[{"@type":"ReadAction","target":["https:\/\/bel-gaufre.com\/en\/qui-sommes-nous-2\/"]}]},{"@type":"BreadcrumbList","@id":"https:\/\/bel-gaufre.com\/en\/qui-sommes-nous-2\/#breadcrumb","itemListElement":[{"@type":"ListItem","position":1,"name":"Accueil","item":"https:\/\/belgaufre.bleuoutremer.qc.ca\/en\/accueil\/"},{"@type":"ListItem","position":2,"name":"Qui sommes nous-v2-Eng"}]},{"@type":"WebSite","@id":"https:\/\/belgaufre.bleuoutremer.qc.ca\/#website","url":"https:\/\/belgaufre.bleuoutremer.qc.ca\/","name":"Bel-Gaufre","description":"Bel gaufre le choix num\u00e9ro 1 des amateurs de gaufres","potentialAction":[{"@type":"SearchAction","target":{"@type":"EntryPoint","urlTemplate":"https:\/\/belgaufre.bleuoutremer.qc.ca\/?s={search_term_string}"},"query-input":{"@type":"PropertyValueSpecification","valueRequired":true,"valueName":"search_term_string"}}],"inLanguage":"en-US"}]}},"_links":{"self":[{"href":"https:\/\/belgaufre.bleuoutremer.qc.ca\/en\/wp-json\/wp\/v2\/pages\/2396","targetHints":{"allow":["GET"]}}],"collection":[{"href":"https:\/\/belgaufre.bleuoutremer.qc.ca\/en\/wp-json\/wp\/v2\/pages"}],"about":[{"href":"https:\/\/belgaufre.bleuoutremer.qc.ca\/en\/wp-json\/wp\/v2\/types\/page"}],"author":[{"embeddable":true,"href":"https:\/\/belgaufre.bleuoutremer.qc.ca\/en\/wp-json\/wp\/v2\/users\/1"}],"replies":[{"embeddable":true,"href":"https:\/\/belgaufre.bleuoutremer.qc.ca\/en\/wp-json\/wp\/v2\/comments?post=2396"}],"version-history":[{"count":1,"href":"https:\/\/belgaufre.bleuoutremer.qc.ca\/en\/wp-json\/wp\/v2\/pages\/2396\/revisions"}],"predecessor-version":[{"id":2397,"href":"https:\/\/belgaufre.bleuoutremer.qc.ca\/en\/wp-json\/wp\/v2\/pages\/2396\/revisions\/2397"}],"wp:attachment":[{"href":"https:\/\/belgaufre.bleuoutremer.qc.ca\/en\/wp-json\/wp\/v2\/media?parent=2396"}],"curies":[{"name":"wp","href":"https:\/\/api.w.org\/{rel}","templated":true}]}}