{"id":1325,"date":"2020-05-07T15:00:37","date_gmt":"2020-05-07T20:00:37","guid":{"rendered":"https:\/\/belgaufre.bleuoutremer.qc.ca\/nos-gaufres\/"},"modified":"2025-05-06T13:33:13","modified_gmt":"2025-05-06T18:33:13","slug":"our-belgian-waffles","status":"publish","type":"page","link":"https:\/\/belgaufre.bleuoutremer.qc.ca\/en\/our-belgian-waffles\/","title":{"rendered":"Our waffles"},"content":{"rendered":"","protected":false},"excerpt":{"rendered":"","protected":false},"author":1,"featured_media":0,"parent":0,"menu_order":0,"comment_status":"closed","ping_status":"closed","template":"","meta":{"_acf_changed":false,"footnotes":""},"class_list":["post-1325","page","type-page","status-publish","hentry"],"acf":[],"yoast_head":"\nOur waffles - Bel-Gaufre<\/title>\n<meta name=\"description\" content=\"Les gaufres Bel gaufre sont succulentes dans beaucoup de recettes. Sal\u00e9es, sucr\u00e9es, au four, au barbecue, en dessert, en entr\u00e9e, au petit-d\u00e9jeuner ou au brunch du dimanche, nos d\u00e9licieuses gaufres s\u2019adaptent \u00e0 toutes les occasions.\" \/>\n<meta name=\"robots\" content=\"noindex, follow, max-snippet:-1, max-image-preview:large, max-video-preview:-1\" \/>\n<meta property=\"og:locale\" content=\"en_US\" \/>\n<meta property=\"og:type\" content=\"article\" \/>\n<meta property=\"og:title\" content=\"D'authentiques gaufres belges d'inspiration artisanale\" \/>\n<meta property=\"og:description\" content=\"Les gaufres Bel Gaufre ont \u00e9t\u00e9 nomm\u00e9es \u00ab meilleures gaufres sur la march\u00e9 \u00bb par l\u2019\u00e9mission L\u2019\u00c9picerie. Gage de qualit\u00e9 et de saveurs, vous ne pouvez pas vous tromper en choisissant les produits Bel Gaufre.\" \/>\n<meta property=\"og:url\" content=\"https:\/\/bel-gaufre.com\/en\/our-belgian-waffles\/\" \/>\n<meta property=\"og:site_name\" content=\"Bel-Gaufre\" \/>\n<meta property=\"article:publisher\" content=\"https:\/\/www.facebook.com\/belgaufre\/\" \/>\n<meta property=\"article:modified_time\" content=\"2025-05-06T18:33:13+00:00\" \/>\n<meta property=\"og:image\" content=\"https:\/\/bel-gaufre.com\/wp-content\/uploads\/2019\/03\/gauffre.jpg\" \/>\n\t<meta property=\"og:image:width\" content=\"1250\" \/>\n\t<meta property=\"og:image:height\" content=\"833\" \/>\n\t<meta property=\"og:image:type\" content=\"image\/jpeg\" \/>\n<meta name=\"twitter:card\" content=\"summary_large_image\" \/>\n<script type=\"application\/ld+json\" class=\"yoast-schema-graph\">{\"@context\":\"https:\\\/\\\/schema.org\",\"@graph\":[{\"@type\":\"WebPage\",\"@id\":\"https:\\\/\\\/bel-gaufre.com\\\/en\\\/our-belgian-waffles\\\/\",\"url\":\"https:\\\/\\\/bel-gaufre.com\\\/en\\\/our-belgian-waffles\\\/\",\"name\":\"Our waffles - Bel-Gaufre\",\"isPartOf\":{\"@id\":\"https:\\\/\\\/belgaufre.bleuoutremer.qc.ca\\\/#website\"},\"datePublished\":\"2020-05-07T20:00:37+00:00\",\"dateModified\":\"2025-05-06T18:33:13+00:00\",\"description\":\"Les gaufres Bel gaufre sont succulentes dans beaucoup de recettes. Sal\u00e9es, sucr\u00e9es, au four, au barbecue, en dessert, en entr\u00e9e, au petit-d\u00e9jeuner ou au brunch du dimanche, nos d\u00e9licieuses gaufres s\u2019adaptent \u00e0 toutes les occasions.\",\"breadcrumb\":{\"@id\":\"https:\\\/\\\/bel-gaufre.com\\\/en\\\/our-belgian-waffles\\\/#breadcrumb\"},\"inLanguage\":\"en-US\",\"potentialAction\":[{\"@type\":\"ReadAction\",\"target\":[\"https:\\\/\\\/bel-gaufre.com\\\/en\\\/our-belgian-waffles\\\/\"]}]},{\"@type\":\"BreadcrumbList\",\"@id\":\"https:\\\/\\\/bel-gaufre.com\\\/en\\\/our-belgian-waffles\\\/#breadcrumb\",\"itemListElement\":[{\"@type\":\"ListItem\",\"position\":1,\"name\":\"Accueil\",\"item\":\"https:\\\/\\\/belgaufre.bleuoutremer.qc.ca\\\/en\\\/accueil\\\/\"},{\"@type\":\"ListItem\",\"position\":2,\"name\":\"Our waffles\"}]},{\"@type\":\"WebSite\",\"@id\":\"https:\\\/\\\/belgaufre.bleuoutremer.qc.ca\\\/#website\",\"url\":\"https:\\\/\\\/belgaufre.bleuoutremer.qc.ca\\\/\",\"name\":\"Bel-Gaufre\",\"description\":\"Bel gaufre le choix num\u00e9ro 1 des amateurs de gaufres\",\"potentialAction\":[{\"@type\":\"SearchAction\",\"target\":{\"@type\":\"EntryPoint\",\"urlTemplate\":\"https:\\\/\\\/belgaufre.bleuoutremer.qc.ca\\\/?s={search_term_string}\"},\"query-input\":{\"@type\":\"PropertyValueSpecification\",\"valueRequired\":true,\"valueName\":\"search_term_string\"}}],\"inLanguage\":\"en-US\"}]}<\/script>\n<!-- \/ Yoast SEO plugin. -->","yoast_head_json":{"title":"Our waffles - Bel-Gaufre","description":"Les gaufres Bel gaufre sont succulentes dans beaucoup de recettes. Sal\u00e9es, sucr\u00e9es, au four, au barbecue, en dessert, en entr\u00e9e, au petit-d\u00e9jeuner ou au brunch du dimanche, nos d\u00e9licieuses gaufres s\u2019adaptent \u00e0 toutes les occasions.","robots":{"index":"noindex","follow":"follow","max-snippet":"max-snippet:-1","max-image-preview":"max-image-preview:large","max-video-preview":"max-video-preview:-1"},"og_locale":"en_US","og_type":"article","og_title":"D'authentiques gaufres belges d'inspiration artisanale","og_description":"Les gaufres Bel Gaufre ont \u00e9t\u00e9 nomm\u00e9es \u00ab meilleures gaufres sur la march\u00e9 \u00bb par l\u2019\u00e9mission L\u2019\u00c9picerie. Gage de qualit\u00e9 et de saveurs, vous ne pouvez pas vous tromper en choisissant les produits Bel Gaufre.","og_url":"https:\/\/bel-gaufre.com\/en\/our-belgian-waffles\/","og_site_name":"Bel-Gaufre","article_publisher":"https:\/\/www.facebook.com\/belgaufre\/","article_modified_time":"2025-05-06T18:33:13+00:00","og_image":[{"width":1250,"height":833,"url":"https:\/\/bel-gaufre.com\/wp-content\/uploads\/2019\/03\/gauffre.jpg","type":"image\/jpeg"}],"twitter_card":"summary_large_image","schema":{"@context":"https:\/\/schema.org","@graph":[{"@type":"WebPage","@id":"https:\/\/bel-gaufre.com\/en\/our-belgian-waffles\/","url":"https:\/\/bel-gaufre.com\/en\/our-belgian-waffles\/","name":"Our waffles - Bel-Gaufre","isPartOf":{"@id":"https:\/\/belgaufre.bleuoutremer.qc.ca\/#website"},"datePublished":"2020-05-07T20:00:37+00:00","dateModified":"2025-05-06T18:33:13+00:00","description":"Les gaufres Bel gaufre sont succulentes dans beaucoup de recettes. Sal\u00e9es, sucr\u00e9es, au four, au barbecue, en dessert, en entr\u00e9e, au petit-d\u00e9jeuner ou au brunch du dimanche, nos d\u00e9licieuses gaufres s\u2019adaptent \u00e0 toutes les occasions.","breadcrumb":{"@id":"https:\/\/bel-gaufre.com\/en\/our-belgian-waffles\/#breadcrumb"},"inLanguage":"en-US","potentialAction":[{"@type":"ReadAction","target":["https:\/\/bel-gaufre.com\/en\/our-belgian-waffles\/"]}]},{"@type":"BreadcrumbList","@id":"https:\/\/bel-gaufre.com\/en\/our-belgian-waffles\/#breadcrumb","itemListElement":[{"@type":"ListItem","position":1,"name":"Accueil","item":"https:\/\/belgaufre.bleuoutremer.qc.ca\/en\/accueil\/"},{"@type":"ListItem","position":2,"name":"Our waffles"}]},{"@type":"WebSite","@id":"https:\/\/belgaufre.bleuoutremer.qc.ca\/#website","url":"https:\/\/belgaufre.bleuoutremer.qc.ca\/","name":"Bel-Gaufre","description":"Bel gaufre le choix num\u00e9ro 1 des amateurs de gaufres","potentialAction":[{"@type":"SearchAction","target":{"@type":"EntryPoint","urlTemplate":"https:\/\/belgaufre.bleuoutremer.qc.ca\/?s={search_term_string}"},"query-input":{"@type":"PropertyValueSpecification","valueRequired":true,"valueName":"search_term_string"}}],"inLanguage":"en-US"}]}},"_links":{"self":[{"href":"https:\/\/belgaufre.bleuoutremer.qc.ca\/en\/wp-json\/wp\/v2\/pages\/1325","targetHints":{"allow":["GET"]}}],"collection":[{"href":"https:\/\/belgaufre.bleuoutremer.qc.ca\/en\/wp-json\/wp\/v2\/pages"}],"about":[{"href":"https:\/\/belgaufre.bleuoutremer.qc.ca\/en\/wp-json\/wp\/v2\/types\/page"}],"author":[{"embeddable":true,"href":"https:\/\/belgaufre.bleuoutremer.qc.ca\/en\/wp-json\/wp\/v2\/users\/1"}],"replies":[{"embeddable":true,"href":"https:\/\/belgaufre.bleuoutremer.qc.ca\/en\/wp-json\/wp\/v2\/comments?post=1325"}],"version-history":[{"count":0,"href":"https:\/\/belgaufre.bleuoutremer.qc.ca\/en\/wp-json\/wp\/v2\/pages\/1325\/revisions"}],"wp:attachment":[{"href":"https:\/\/belgaufre.bleuoutremer.qc.ca\/en\/wp-json\/wp\/v2\/media?parent=1325"}],"curies":[{"name":"wp","href":"https:\/\/api.w.org\/{rel}","templated":true}]}}